{"id":42,"date":"2020-11-11T19:36:17","date_gmt":"2020-11-11T18:36:17","guid":{"rendered":"http:\/\/pheta.fr\/?page_id=42"},"modified":"2025-04-17T12:57:50","modified_gmt":"2025-04-17T10:57:50","slug":"bientot-des-infos","status":"publish","type":"page","link":"https:\/\/pheta.fr\/","title":{"rendered":"Bient\u00f4t  !"},"content":{"rendered":"\t\t<div data-elementor-type=\"wp-page\" data-elementor-id=\"42\" class=\"elementor elementor-42\">\n\t\t\t\t\t\t<section class=\"elementor-section elementor-top-section elementor-element elementor-element-2e40d752 elementor-section-boxed elementor-section-height-default elementor-section-height-default\" data-id=\"2e40d752\" data-element_type=\"section\">\n\t\t\t\t\t\t<div class=\"elementor-container elementor-column-gap-default\">\n\t\t\t\t\t<div class=\"elementor-column elementor-col-100 elementor-top-column elementor-element elementor-element-1805f44a\" data-id=\"1805f44a\" data-element_type=\"column\">\n\t\t\t<div class=\"elementor-widget-wrap elementor-element-populated\">\n\t\t\t\t\t\t<div class=\"elementor-element elementor-element-7e00c2a7 elementor-widget elementor-widget-text-editor\" data-id=\"7e00c2a7\" data-element_type=\"widget\" data-widget_type=\"text-editor.default\">\n\t\t\t\t<div class=\"elementor-widget-container\">\n\t\t\t\t\t\t\t<p><!-- wp:paragraph --><\/p>\n<p>Vous vous demandez quel est ce site pheta.fr ?<\/p>\n<p><!-- \/wp:paragraph --><\/p>\n<p><!-- wp:paragraph --><\/p>\n<p>Ceux qui esp\u00e9raient avoir des recettes pour accommoder un fromage grec peuvent aller faire un tour sur le site de <a href=\"https:\/\/www.laconvivialite.com\/\" target=\"_blank\" rel=\"noreferrer noopener\" aria-label=\"La Convivialit\u00e9 (s\u2019ouvre dans un nouvel onglet)\">La Convivialit\u00e9<\/a> pour se consoler.<\/p>\n<p><!-- \/wp:paragraph --><\/p>\n<p><!-- wp:paragraph --><\/p>\n<p>Pour les autres, il n&rsquo;y a pas encore de r\u00e9ponse, c&rsquo;est en pleine r\u00e9flexion. Et la r\u00e9flexion, \u00e7a prend du temps, le temps c&rsquo;est de l&rsquo;argent, et nous comptons bient\u00f4t acheter du temps pour faire ce site mais en attendant, ne prenez pas ce qu&rsquo;il y a dessus comme argent comptant.<\/p>\n<p><!-- \/wp:paragraph --><\/p>\n<p><!-- wp:paragraph --><\/p>\n<p>Bient\u00f4t, nous vous parlerons d\u2019une excellente traductrice tri-lingue fran\u00e7ais \/anglais \/ allemand.<\/p>\n<p><!-- \/wp:paragraph --><\/p>\n<p><!-- wp:paragraph --><\/p>\n<p>Et d\u2019un vide-grenier, de d\u00e9veloppement de sites, de 4D, de spectacles vivants, de classement professionnel de photos, de politique locale\u2026 mais encore faudra-t-il que nos clients et nos occupations nous laissent un peu de temps\u2026<\/p>\n<p><!-- \/wp:paragraph --><\/p>\n<p><!-- wp:paragraph --><\/p>\n<p>A bient\u00f4t !<\/p>\n<p><!-- \/wp:paragraph --><\/p>\n<p><!-- wp:paragraph --><\/p>\n<p>Philippe et Andrea<\/p>\n<p><!-- \/wp:paragraph --><\/p>\n<p><!-- wp:paragraph --><\/p>\n<p>\u00a0<\/p>\n<p>\u00a0<\/p>\n<p><!-- \/wp:paragraph --><\/p>\n<p><!-- wp:paragraph --><\/p>\n<p><!-- \/wp:paragraph --><\/p>\t\t\t\t\t\t<\/div>\n\t\t\t\t<\/div>\n\t\t\t\t\t<\/div>\n\t\t<\/div>\n\t\t\t\t\t<\/div>\n\t\t<\/section>\n\t\t\t\t<section class=\"elementor-section elementor-top-section elementor-element elementor-element-8af47dd elementor-section-boxed elementor-section-height-default elementor-section-height-default\" data-id=\"8af47dd\" data-element_type=\"section\">\n\t\t\t\t\t\t<div class=\"elementor-container elementor-column-gap-default\">\n\t\t\t\t\t<div class=\"elementor-column elementor-col-100 elementor-top-column elementor-element elementor-element-17a0d6e\" data-id=\"17a0d6e\" data-element_type=\"column\">\n\t\t\t<div class=\"elementor-widget-wrap elementor-element-populated\">\n\t\t\t\t\t\t<div class=\"elementor-element elementor-element-f1b9ad2 elementor-widget elementor-widget-text-editor\" data-id=\"f1b9ad2\" data-element_type=\"widget\" data-widget_type=\"text-editor.default\">\n\t\t\t\t<div class=\"elementor-widget-container\">\n\t\t\t\t\t\t\t<h4>En attendant mieux et avant les mentions l\u00e9gales obligatoires, quelques r\u00e9flexions glan\u00e9es ici ou l\u00e0, sans aucun classement ni jugement :<\/h4>\n<p>\u00a0<\/p>\t\t\t\t\t\t<\/div>\n\t\t\t\t<\/div>\n\t\t\t\t<div class=\"elementor-element elementor-element-344a1bc elementor-widget elementor-widget-text-editor\" data-id=\"344a1bc\" data-element_type=\"widget\" data-widget_type=\"text-editor.default\">\n\t\t\t\t<div class=\"elementor-widget-container\">\n\t\t\t\t\t\t\t<ul>\n<li>Il n&rsquo;y a pas (ou tr\u00e8s peu) d&rsquo;habitat collectif en France. Il n&rsquo;y a que de l&rsquo;habitat individuel empil\u00e9 (ou pas empil\u00e9).<\/li>\n<li>Le terrorisme s&rsquo;arr\u00eatera quand l&rsquo;ascenseur social refonctionnera (Fran\u00e7ois Molins)<\/li>\n<li>On croit mourir pour la patrie, on meurt pour des industriels (au lendemain de la premi\u00e8re guerre mondiale mais c&rsquo;est encore d&rsquo;actualit\u00e9 en ce bas monde, peut-\u00eatre remplacer industriels par financiers) (Anatole France)<\/li>\n<li>La France n&rsquo;est pas la patrie des droits de l&rsquo;homme mais la patrie de la d\u00e9claration des droits de l&rsquo;homme (Robert Badinter)<\/li>\n<li>\n<p>La vie mettra des pierres sur ta route. A toi de d\u00e9cider d\u2019en faire des murs ou des ponts. (Coluche)<\/p>\n<\/li>\n<\/ul>\t\t\t\t\t\t<\/div>\n\t\t\t\t<\/div>\n\t\t\t\t\t<\/div>\n\t\t<\/div>\n\t\t\t\t\t<\/div>\n\t\t<\/section>\n\t\t\t\t<section class=\"elementor-section elementor-top-section elementor-element elementor-element-4f6eb17 elementor-section-boxed elementor-section-height-default elementor-section-height-default\" data-id=\"4f6eb17\" data-element_type=\"section\">\n\t\t\t\t\t\t<div class=\"elementor-container elementor-column-gap-default\">\n\t\t\t\t\t<div class=\"elementor-column elementor-col-100 elementor-top-column elementor-element elementor-element-6b93c40\" data-id=\"6b93c40\" data-element_type=\"column\">\n\t\t\t<div class=\"elementor-widget-wrap elementor-element-populated\">\n\t\t\t\t\t\t<div class=\"elementor-element elementor-element-89322d2 elementor-widget elementor-widget-text-editor\" data-id=\"89322d2\" data-element_type=\"widget\" data-widget_type=\"text-editor.default\">\n\t\t\t\t<div class=\"elementor-widget-container\">\n\t\t\t\t\t\t\t<p><br \/><em>Mentions l\u00e9gales obligatoires : Site h\u00e9berg\u00e9 par OVH (2 rue Kellermann 59100 Roubaix \u2013 France \u2013 Tel 1007) &#8211; Responsable de la publication : Philippe Leroy (194 Ch de la Canolle, 83200 Toulon, phleroy.gpj at gmail.com)<\/em><\/p>\t\t\t\t\t\t<\/div>\n\t\t\t\t<\/div>\n\t\t\t\t\t<\/div>\n\t\t<\/div>\n\t\t\t\t\t<\/div>\n\t\t<\/section>\n\t\t\t\t<\/div>\n\t\t","protected":false},"excerpt":{"rendered":"<p>Vous vous demandez quel est ce site pheta.fr ? Ceux qui esp\u00e9raient avoir des recettes pour accommoder un fromage grec peuvent aller faire un tour sur le site de La Convivialit\u00e9 pour se consoler. Pour les autres, il n&rsquo;y a pas encore de r\u00e9ponse, c&rsquo;est en pleine r\u00e9flexion. Et la r\u00e9flexion, \u00e7a prend du temps, [&hellip;]<\/p>\n","protected":false},"author":1,"featured_media":0,"parent":0,"menu_order":0,"comment_status":"closed","ping_status":"closed","template":"","meta":{"footnotes":""},"class_list":["post-42","page","type-page","status-publish","hentry"],"_links":{"self":[{"href":"https:\/\/pheta.fr\/index.php\/wp-json\/wp\/v2\/pages\/42","targetHints":{"allow":["GET"]}}],"collection":[{"href":"https:\/\/pheta.fr\/index.php\/wp-json\/wp\/v2\/pages"}],"about":[{"href":"https:\/\/pheta.fr\/index.php\/wp-json\/wp\/v2\/types\/page"}],"author":[{"embeddable":true,"href":"https:\/\/pheta.fr\/index.php\/wp-json\/wp\/v2\/users\/1"}],"replies":[{"embeddable":true,"href":"https:\/\/pheta.fr\/index.php\/wp-json\/wp\/v2\/comments?post=42"}],"version-history":[{"count":36,"href":"https:\/\/pheta.fr\/index.php\/wp-json\/wp\/v2\/pages\/42\/revisions"}],"predecessor-version":[{"id":1425,"href":"https:\/\/pheta.fr\/index.php\/wp-json\/wp\/v2\/pages\/42\/revisions\/1425"}],"wp:attachment":[{"href":"https:\/\/pheta.fr\/index.php\/wp-json\/wp\/v2\/media?parent=42"}],"curies":[{"name":"wp","href":"https:\/\/api.w.org\/{rel}","templated":true}]}}